{"id":1387,"date":"2023-10-03T09:16:40","date_gmt":"2023-10-03T09:16:40","guid":{"rendered":"https:\/\/www.anfaa.it\/?page_id=1387"},"modified":"2024-02-02T09:31:03","modified_gmt":"2024-02-02T08:31:03","slug":"media","status":"publish","type":"page","link":"https:\/\/www.anfaa.it\/milano\/media\/","title":{"rendered":"Media"},"content":{"rendered":"<p><div class=\"fusion-fullwidth fullwidth-box fusion-builder-row-1 fusion-flex-container has-pattern-background has-mask-background fusion-parallax-none nonhundred-percent-fullwidth non-hundred-percent-height-scrolling lazyload\" style=\"--awb-background-blend-mode:darken;--awb-border-sizes-top:0px;--awb-border-sizes-bottom:0px;--awb-border-sizes-left:0px;--awb-border-sizes-right:0px;--awb-border-radius-top-left:0px;--awb-border-radius-top-right:0px;--awb-border-radius-bottom-right:0px;--awb-border-radius-bottom-left:0px;--awb-padding-top:150px;--awb-padding-bottom:150px;--awb-background-size:cover;--awb-flex-wrap:wrap;\" data-bg=\"https:\/\/www.anfaa.it\/wp-content\/uploads\/2023\/10\/unisci-anfaa-1024x460.png\" ><div class=\"fusion-builder-row fusion-row fusion-flex-align-items-flex-start fusion-flex-content-wrap\" style=\"max-width:calc( 1170px + 0px );margin-left: calc(-0px \/ 2 );margin-right: calc(-0px \/ 2 );\"><div class=\"fusion-layout-column fusion_builder_column fusion-builder-column-0 fusion_builder_column_1_1 1_1 fusion-flex-column fusion-flex-align-self-center\" style=\"--awb-padding-right:11%;--awb-padding-left:11%;--awb-bg-blend:overlay;--awb-bg-size:cover;--awb-width-large:100%;--awb-margin-top-large:0px;--awb-spacing-right-large:0px;--awb-margin-bottom-large:20px;--awb-spacing-left-large:0px;--awb-width-medium:100%;--awb-spacing-right-medium:0px;--awb-spacing-left-medium:0px;--awb-width-small:100%;--awb-spacing-right-small:0px;--awb-spacing-left-small:0px;\"><div class=\"fusion-column-wrapper fusion-flex-justify-content-center fusion-content-layout-row\"><div class=\"fusion-title title fusion-title-1 fusion-sep-none fusion-title-center fusion-title-text fusion-title-size-one sfondo\" style=\"--awb-text-color:var(--awb-color1);--awb-margin-top:40px;--awb-margin-bottom:20px;\"><h1 class=\"fusion-title-heading title-heading-center\" style=\"margin:0;text-transform:uppercase;line-height:1;\">MEDIA<\/h1><\/div><\/div><\/div><\/div><\/div><div class=\"fusion-fullwidth fullwidth-box fusion-builder-row-2 fusion-flex-container has-pattern-background has-mask-background nonhundred-percent-fullwidth non-hundred-percent-height-scrolling\" style=\"--awb-background-position:left top;--awb-border-sizes-top:0px;--awb-border-sizes-bottom:0px;--awb-border-sizes-left:0px;--awb-border-sizes-right:0px;--awb-border-radius-top-left:0px;--awb-border-radius-top-right:0px;--awb-border-radius-bottom-right:0px;--awb-border-radius-bottom-left:0px;--awb-padding-top:70px;--awb-padding-right:5.5%;--awb-padding-bottom:70px;--awb-padding-left:5.5%;--awb-flex-wrap:wrap;\" ><div class=\"fusion-builder-row fusion-row fusion-flex-align-items-flex-start fusion-flex-content-wrap\" style=\"max-width:calc( 1170px + 0px );margin-left: calc(-0px \/ 2 );margin-right: calc(-0px \/ 2 );\"><div class=\"fusion-layout-column fusion_builder_column fusion-builder-column-1 fusion_builder_column_1_1 1_1 fusion-flex-column\" style=\"--awb-bg-blend:overlay;--awb-bg-size:cover;--awb-width-large:100%;--awb-margin-top-large:0px;--awb-spacing-right-large:0px;--awb-margin-bottom-large:20px;--awb-spacing-left-large:0px;--awb-width-medium:100%;--awb-spacing-right-medium:0px;--awb-spacing-left-medium:0px;--awb-width-small:100%;--awb-spacing-right-small:0px;--awb-spacing-left-small:0px;\"><div class=\"fusion-column-wrapper fusion-flex-justify-content-flex-start fusion-content-layout-column\"><div class=\"fusion-title title fusion-title-2 fusion-sep-none fusion-title-text fusion-title-size-two\" style=\"--awb-text-color:var(--awb-custom_color_2);--awb-margin-bottom:0PX;\"><h2 class=\"fusion-title-heading title-heading-left\" style=\"margin:0;text-transform:uppercase;\">Risorse multimediali<\/h2><\/div><div class=\"fusion-text fusion-text-1\" style=\"--awb-margin-top:0PX;\"><p><strong>MEDIA PER APPROFONDIMENTI<\/strong><\/p>\n<\/div><div class=\"fusion-text fusion-text-2\"><p>Consigliamo di dare un\u2019occhiata anche alla <a href=\"https:\/\/www.anfaa.it\/libri\/\" target=\"_blank\" rel=\"noopener noreferrer\"><u>sezione \u201cmedia\u201d del sito nazionale<\/u><\/a> e ai media della sezione di <a href=\"https:\/\/www.anfaa.it\/novara\/media\/\">Novara e Piemonte orientale<\/a><\/p>\n<\/div><div class=\"accordian fusion-accordian\" style=\"--awb-border-size:1px;--awb-icon-size:13px;--awb-content-font-size:var(--awb-typography4-font-size);--awb-icon-alignment:left;--awb-hover-color:var(--awb-color2);--awb-border-color:hsla(var(--awb-color3-h),var(--awb-color3-s),calc( var(--awb-color3-l) - 10% ),var(--awb-color3-a));--awb-background-color:var(--awb-color1);--awb-divider-color:hsla(var(--awb-color8-h),var(--awb-color8-s),var(--awb-color8-l),calc( var(--awb-color8-a) - 88% ));--awb-divider-hover-color:hsla(var(--awb-color8-h),var(--awb-color8-s),var(--awb-color8-l),calc( var(--awb-color8-a) - 88% ));--awb-icon-color:var(--awb-color1);--awb-title-color:var(--awb-color4);--awb-content-color:var(--awb-color7);--awb-icon-box-color:var(--awb-color8);--awb-toggle-hover-accent-color:var(--awb-color4);--awb-title-font-family:var(--awb-typography3-font-family);--awb-title-font-weight:var(--awb-typography3-font-weight);--awb-title-font-style:var(--awb-typography3-font-style);--awb-title-font-size:var(--awb-typography3-font-size);--awb-content-font-family:var(--awb-typography4-font-family);--awb-content-font-weight:var(--awb-typography4-font-weight);--awb-content-font-style:var(--awb-typography4-font-style);\"><div class=\"panel-group fusion-toggle-icon-boxed\" id=\"accordion-1387-1\"><div class=\"fusion-panel panel-default panel-73b54e425a498a26c fusion-toggle-has-divider\"><div class=\"panel-heading\"><h4 class=\"panel-title toggle\" id=\"toggle_73b54e425a498a26c\"><a aria-expanded=\"false\" aria-controls=\"73b54e425a498a26c\" role=\"button\" data-toggle=\"collapse\" data-parent=\"#accordion-1387-1\" data-target=\"#73b54e425a498a26c\" href=\"#73b54e425a498a26c\"><span class=\"fusion-toggle-icon-wrapper\" aria-hidden=\"true\"><i class=\"fa-fusion-box active-icon awb-icon-minus\" aria-hidden=\"true\"><\/i><i class=\"fa-fusion-box inactive-icon awb-icon-plus\" aria-hidden=\"true\"><\/i><\/span><span class=\"fusion-toggle-heading\">In merito al tragico ritrovamento della neonata trovata morta \u2013 Lettera aperta<\/span><\/a><\/h4><\/div><div id=\"73b54e425a498a26c\" class=\"panel-collapse collapse \" aria-labelledby=\"toggle_73b54e425a498a26c\"><div class=\"panel-body toggle-content fusion-clearfix\">\n<p><strong><u>NON LASCIAMO SOLE LE GESTANTI IN GRAVI DIFFICOLTA\u2019 E PREVENIAMO GLI ABBANDONI E GLI INFANTICIDI\u00a0\u00a0<a href=\"https:\/\/www.anfaa.it\/Milano\/files\/Lettera-aperta-su-gestanti-in-difficolt%C3%A0-30.-4.2023dnm1-1.pdf\">Lettera aperta su gestanti in difficolt\u00e0 30. 4.2023<\/a><br \/>\n<\/u><\/strong><\/p>\n<p>&nbsp;<\/p>\n<p>In merito al tragico ritrovamento della neonata trovata morta nella cassetta di raccolta indumenti usati della Caritas\u00a0 in zona Citt\u00e0 studi a Milano che ci lascia attoniti e profondamente addolorati , vorremmo fare alcune considerazioni generali sul delicato tema del ritrovamento di neonati che vengono abbandonati, spesso a poche ore dalla nascita . in luoghi insicuri. Quando avvengono questi ritrovamenti di neonati fortunatamente vivi, oppure, talvolta, ormai senza vita, gettati nei cassonetti o nei bagni pubblici, si solleva nell\u2019opinione pubblica un\u2019ondata di condanna; pochi, per\u00f2, si interrogano sui motivi che hanno determinato la condotta degli autori di questo atto; pochi pensano alla solitudine in cui le partorienti vengono lasciate in momenti cos\u00ec drammatici della loro vita e al dolore che accompagna questo loro gesto cos\u00ec disperato. I mezzi di informazione nel stigmatizzare \u00a0l\u2019accaduto, non sempre segnalano \u00a0\u00a0che le partorienti,<strong>\u00a0comprese le extracomunitarie senza permesso di soggiorno,<\/strong>\u00a0che non intendono riconoscere e provvedere personalmente al proprio nato, hanno diritto a partorire in assoluta segretezza negli ospedali e nelle strutture sanitarie, garantendo, in tal modo, a se stesse e al neonato, la necessaria assistenza e le opportune cure.<\/p>\n<p>Com\u2019\u00e8 noto, nel caso in cui non sia stato effettuato il riconoscimento,\u00a0<strong>l\u2019atto di nascita del bambino \u00e8 redatto con la dizione\u00a0<em>\u201cnato da donna che non consente di essere nominata\u201d<\/em>\u00a0e l\u2019ufficiale di stato civile, dopo aver attribuito un nome e un cognome, procede entro dieci giorni alla segnalazione al Tribunale per i Minorenni ai fini della dichiarazione di adottabilit\u00e0 ai sensi della legge 184\/1983. In tal modo, a pochi giorni dalla nascita, il<\/strong>\u00a0<strong>piccolo viene inserito in una famiglia adottiva, individuata dal Tribunale fra quelle che hanno presentato domanda di adozione al Tribunale stesso. Sono circa 350 all\u2019anno i neonati non riconosciuti che, grazie a queste disposizioni, vengono adottati.<\/strong><\/p>\n<p>Troppe poche volte vengono richiamate le autorit\u00e0 competenti ai loro precisi compiti istituzionali per garantire alle donne in gravi difficolt\u00e0 la dovuta assistenza prima, durante e dopo il parto: sempre pi\u00f9 frequentemente, purtroppo, di\u00a0 fronte a questi episodi, vengono auspicate iniziative quali le culle\/ruote termiche, che oltre a deresponsabilizzare le istituzioni, \u00a0rischiano di incentivare i parti in ambienti inidonei, privi della pi\u00f9 elementare assistenza sanitaria, con gravi pericoli per la salute e la sopravvivenza della donna e del neonato.<\/p>\n<p>A proposito delle competenze istituzionali in materia, va segnalato che la Legge 328\/2000,\u00a0<em>\u201cLegge quadro per la realizzazione del sistema integrato di interventi e servizi sociali\u201d<\/em>\u00a0all\u2019art. 8, comma 5, ha attribuito alle Regioni il compito di disciplinare il trasferimento ai Comuni o ad altri Enti Locali delle funzioni di cui al Regio Decreto citato. Alle Regioni compete, quindi, di definire il passaggio ai Comuni o ad altri Enti Locali delle risorse umane, finanziarie e patrimoniali occorrenti per l\u2019esercizio delle funzioni suddette.<\/p>\n<p>A tutt\u2019oggi ci sono Regioni che non hanno ancora legiferato in materia ed altre (<strong>come ad es Lombardia ed Emilia-Romagna)<\/strong>\u00a0\u00a0lo hanno fatto, attribuendo indiscriminatamente a tutti i Comuni tali competenze, non tenendo conto della complessit\u00e0 e variet\u00e0 delle problematiche coinvolte. Spesso le partorienti necessitano di interventi specifici, altamente specializzati, legati alla loro difficile condizione, che i piccoli Comuni non sono in grado di garantire.<\/p>\n<p>Inoltre va ricordato che , accanto a gestanti che hanno deciso di riconoscere il loro nato e prendersene cura, supportate dai servizi socio-assistenziali del proprio territorio e dagli interventi sopra richiamati, ci sono anche donne incerte, che non sanno se riconoscere il figlio o meno, e altre ancora che hanno gi\u00e0 deciso di non riconoscerlo, avvalendosi del diritto alla segretezza del parto. Infine ci sono donne che non sono a conoscenza del loro diritto di partorire in anonimato e, dunque, non accedono ai servizi preposti.<\/p>\n<p>Al riguardo va segnalata la positiva Legge 16\/2006 della Regione Piemonte in base alla quale sono stati individuati quattro Enti Gestori cui sono state attribuite le competenze relative agli interventi socio-assistenziali nei confronti di queste gestanti, interventi che devono essere forniti\u00a0<u>su semplice richiesta dell\u2019interessata, indipendentemente dalla sua residenza anagrafica<\/u>\u00a0(quindi possono accedervi anche le donne extracomunitarie senza permesso di soggiorno).<\/p>\n<p>Ribadiamo la urgente necessit\u00e0 che le Istituzioni preposte assumano i necessari provvedimenti per garantire alle gestanti in difficolt\u00e0 il sostegno attraverso personale adeguatamente preparato (psicologo, assistenti sociali, educatori, ecc,) che le aiuti\u00a0<strong><u>prima, durante e dopo il parto<\/u>, le accompagni a decidere responsabilmente se riconoscere o meno il proprio nato e le sostenga fino a quando sono in grado di provvedere autonomamente a se stesse e, se hanno riconosciuto il neonato, al proprio figlio.<\/strong>\u00a0Infine, invitiamo \u00a0i giornalisti che riportano queste tristi vicende sui media, ad astenersi dall\u2019esprimere facili giudizi sulle partorienti che vengono spesso \u00a0\u00a0costrette ad abbandonare i loro nati. Chi per mestiere si occupa di \u201c<em>fare informazione<\/em>\u201d ha questo importante compito: fornire precise indicazioni sul diritto riconosciuto a tutte le donne di partorire in anonimato, evidenziando che, per una donna, avvalersi di questo diritto rappresenta una scelta estremamente difficile e dolorosa , che pertanto \u00a0deve essere rispettata in quanto \u00a0denota un grande senso di responsabilit\u00e0 verso la vita nascente.\u00a0<em><br \/>\n<\/em><\/p>\n<p>La Presidente Anfaa Lombarda \u2013 Donata Nova Micucci<\/p>\n<p>Milano, 30.4.2023 \u2013\u00a0 Cell. 335 475752<\/p>\n<\/div><\/div><\/div><div class=\"fusion-panel panel-default panel-fdce6bc2fddbb161e fusion-toggle-has-divider\"><div class=\"panel-heading\"><h4 class=\"panel-title toggle\" id=\"toggle_fdce6bc2fddbb161e\"><a aria-expanded=\"false\" aria-controls=\"fdce6bc2fddbb161e\" role=\"button\" data-toggle=\"collapse\" data-parent=\"#accordion-1387-1\" data-target=\"#fdce6bc2fddbb161e\" href=\"#fdce6bc2fddbb161e\"><span class=\"fusion-toggle-icon-wrapper\" aria-hidden=\"true\"><i class=\"fa-fusion-box active-icon awb-icon-minus\" aria-hidden=\"true\"><\/i><i class=\"fa-fusion-box inactive-icon awb-icon-plus\" aria-hidden=\"true\"><\/i><\/span><span class=\"fusion-toggle-heading\">Sostenere l\u2019adozione<\/span><\/a><\/h4><\/div><div id=\"fdce6bc2fddbb161e\" class=\"panel-collapse collapse \" aria-labelledby=\"toggle_fdce6bc2fddbb161e\"><div class=\"panel-body toggle-content fusion-clearfix\"><span class=\"fontstyle0\">Accompagnare la sofferenza \u2013 Prendersi cura del benessere<br \/>\n<\/span><span class=\"fontstyle0\">Operatori a confronto<\/span><\/p>\n<p><span class=\"fontstyle0\">Promosso dal Tavolo Territoriale Adozione di cui fanno parte AFN, AIAU, Ai.Bi, AMI, Anfaa, AVSI, Caritas Ambrosiana, CTA, EOS, Famiglie per l\u2019Accoglienza, GAAL, GSD, ItaliaAdozioni, SOS Bambino International Adoption, USSM<\/span><\/p>\n<p><span class=\"fontstyle0\">Il seminario nasce dal percorso fatto in questi anni dal Tavolo Territoriale Adozione a cui partecipano enti, associazioni, cooperative che, nell\u2019area metropolitana diocesana milanese, si occupano di adozione Atti del seminario <\/span><a href=\"https:\/\/www.anfaa.it\/milano\/wp-content\/uploads\/sites\/6\/2023\/11\/Milano-Sostenere-ladozione-atti-def.pdf\"><u>Milano-Sostenere l\u2019adozione atti def<\/u><\/a><\/div><\/div><\/div><div class=\"fusion-panel panel-default panel-e64e2a6247ce22c0f fusion-toggle-has-divider\"><div class=\"panel-heading\"><h4 class=\"panel-title toggle\" id=\"toggle_e64e2a6247ce22c0f\"><a aria-expanded=\"false\" aria-controls=\"e64e2a6247ce22c0f\" role=\"button\" data-toggle=\"collapse\" data-parent=\"#accordion-1387-1\" data-target=\"#e64e2a6247ce22c0f\" href=\"#e64e2a6247ce22c0f\"><span class=\"fusion-toggle-icon-wrapper\" aria-hidden=\"true\"><i class=\"fa-fusion-box active-icon awb-icon-minus\" aria-hidden=\"true\"><\/i><i class=\"fa-fusion-box inactive-icon awb-icon-plus\" aria-hidden=\"true\"><\/i><\/span><span class=\"fusion-toggle-heading\">Libro Ti racconto l'affidamento<\/span><\/a><\/h4><\/div><div id=\"e64e2a6247ce22c0f\" class=\"panel-collapse collapse \" aria-labelledby=\"toggle_e64e2a6247ce22c0f\"><div class=\"panel-body toggle-content fusion-clearfix\">\n<p><a href=\"https:\/\/www.anfaa.it\/ti-racconto-laffidamento\/\" target=\"_blank\" rel=\"noopener noreferrer\"><u>Ti racconto l&#8217;affidamento<\/u><\/a><\/p>\n<\/div><\/div><\/div><\/div><\/div><div class=\"fusion-text fusion-text-3\"><\/div><\/div><\/div><\/div><\/div><div class=\"fusion-fullwidth fullwidth-box fusion-builder-row-3 fusion-flex-container has-pattern-background has-mask-background fusion-parallax-none nonhundred-percent-fullwidth non-hundred-percent-height-scrolling lazyload\" style=\"--awb-border-sizes-top:0px;--awb-border-sizes-bottom:0px;--awb-border-sizes-left:0px;--awb-border-sizes-right:0px;--awb-border-radius-top-left:0px;--awb-border-radius-top-right:0px;--awb-border-radius-bottom-right:0px;--awb-border-radius-bottom-left:0px;--awb-padding-top:150px;--awb-padding-bottom:150px;--awb-background-size:cover;--awb-flex-wrap:wrap;\" data-bg=\"https:\/\/www.anfaa.it\/wp-content\/uploads\/2023\/10\/mani.jpg\" ><div class=\"fusion-builder-row fusion-row fusion-flex-align-items-flex-start fusion-flex-content-wrap\" style=\"max-width:calc( 1170px + 0px );margin-left: calc(-0px \/ 2 );margin-right: calc(-0px \/ 2 );\"><div class=\"fusion-layout-column fusion_builder_column fusion-builder-column-2 fusion_builder_column_1_1 1_1 fusion-flex-column\" style=\"--awb-padding-top:40px;--awb-padding-right:40px;--awb-padding-bottom:40px;--awb-padding-left:40px;--awb-bg-blend:overlay;--awb-bg-size:cover;--awb-width-large:100%;--awb-margin-top-large:0px;--awb-spacing-right-large:0px;--awb-margin-bottom-large:20px;--awb-spacing-left-large:0px;--awb-width-medium:100%;--awb-order-medium:0;--awb-spacing-right-medium:0px;--awb-spacing-left-medium:0px;--awb-width-small:100%;--awb-order-small:0;--awb-spacing-right-small:0px;--awb-spacing-left-small:0px;\"><div class=\"fusion-column-wrapper fusion-column-has-shadow fusion-flex-justify-content-flex-start fusion-content-layout-column\"><div class=\"fusion-title title fusion-title-3 fusion-sep-none fusion-title-center fusion-title-text fusion-title-size-two\" style=\"--awb-text-color:var(--awb-color1);\"><h2 class=\"fusion-title-heading title-heading-center\" style=\"margin:0;text-transform:uppercase;line-height:1;\">Cambia la tua vita oggi<\/h2><\/div><div class=\"fusion-separator\" style=\"align-self: center;margin-left: auto;margin-right: auto;margin-top:0px;margin-bottom:40px;width:100%;max-width:200px;\"><div class=\"fusion-separator-border sep-single sep-solid\" style=\"--awb-height:20px;--awb-amount:20px;--awb-sep-color:var(--awb-color4);border-color:var(--awb-color4);border-top-width:3px;\"><\/div><\/div><div class=\"fusion-text fusion-text-4\" style=\"--awb-content-alignment:center;--awb-font-size:var(--awb-typography2-font-size);--awb-line-height:var(--awb-typography2-line-height);--awb-letter-spacing:var(--awb-typography2-letter-spacing);--awb-text-transform:var(--awb-typography2-text-transform);--awb-text-color:var(--awb-color1);--awb-text-font-family:var(--awb-typography2-font-family);--awb-text-font-weight:var(--awb-typography2-font-weight);--awb-text-font-style:var(--awb-typography2-font-style);\"><p style=\"text-align: left;\">Sostenere i nostri progetti significa<\/p>\n<ul>\n<li class=\"first\" style=\"text-align: left;\">aiutare i bambini in difficolt\u00e0 a trovare il caldo abbraccio di una famiglia<\/li>\n<li class=\"last\" style=\"text-align: left;\">migliorare il rapporto tra istituzioni e cittadini<\/li>\n<\/ul>\n<\/div><div class=\"fusion-separator fusion-full-width-sep\" style=\"align-self: center;margin-left: auto;margin-right: auto;margin-top:25px;width:100%;\"><\/div><div class=\"fusion-builder-row fusion-builder-row-inner fusion-row fusion-flex-align-items-flex-start fusion-flex-content-wrap\" style=\"width:calc( 100% + 0px ) !important;max-width:calc( 100% + 0px ) !important;margin-left: calc(-0px \/ 2 );margin-right: calc(-0px \/ 2 );\"><div class=\"fusion-layout-column fusion_builder_column_inner fusion-builder-nested-column-0 fusion_builder_column_inner_1_3 1_3 fusion-flex-column\" style=\"--awb-bg-size:cover;--awb-width-large:33.333333333333%;--awb-margin-top-large:0px;--awb-spacing-right-large:0px;--awb-margin-bottom-large:20px;--awb-spacing-left-large:0px;--awb-width-medium:100%;--awb-order-medium:0;--awb-spacing-right-medium:0px;--awb-spacing-left-medium:0px;--awb-width-small:100%;--awb-order-small:0;--awb-spacing-right-small:0px;--awb-spacing-left-small:0px;\"><div class=\"fusion-column-wrapper fusion-column-has-shadow fusion-flex-justify-content-flex-start fusion-content-layout-column\"><\/div><\/div><div class=\"fusion-layout-column fusion_builder_column_inner fusion-builder-nested-column-1 fusion_builder_column_inner_1_3 1_3 fusion-flex-column\" style=\"--awb-bg-size:cover;--awb-width-large:33.333333333333%;--awb-margin-top-large:0px;--awb-spacing-right-large:0px;--awb-margin-bottom-large:20px;--awb-spacing-left-large:0px;--awb-width-medium:100%;--awb-order-medium:0;--awb-spacing-right-medium:0px;--awb-spacing-left-medium:0px;--awb-width-small:100%;--awb-order-small:0;--awb-spacing-right-small:0px;--awb-spacing-left-small:0px;\"><div class=\"fusion-column-wrapper fusion-column-has-shadow fusion-flex-justify-content-flex-start fusion-content-layout-column\"><div style=\"text-align:center;\"><a class=\"fusion-button button-flat button-xlarge button-custom fusion-button-default button-1 fusion-button-default-span fusion-button-default-type\" style=\"--button_accent_color:var(--awb-color1);--button_accent_hover_color:var(--awb-custom_color_2);--button_border_hover_color:var(--awb-custom_color_2);--button_border_width-top:1px;--button_border_width-right:1px;--button_border_width-bottom:1px;--button_border_width-left:1px;--button_gradient_top_color:var(--awb-custom_color_4);--button_gradient_bottom_color:var(--awb-custom_color_4);--button_gradient_top_color_hover:var(--awb-custom_color_4);--button_gradient_bottom_color_hover:var(--awb-custom_color_4);\" target=\"_self\" href=\"https:\/\/www.anfaa.it\/milano\/diventa-socio\/\"><span class=\"fusion-button-text\">Diventa socio<\/span><\/a><\/div><\/div><\/div><div class=\"fusion-layout-column fusion_builder_column_inner fusion-builder-nested-column-2 fusion_builder_column_inner_1_3 1_3 fusion-flex-column\" style=\"--awb-bg-size:cover;--awb-width-large:33.333333333333%;--awb-margin-top-large:0px;--awb-spacing-right-large:0px;--awb-margin-bottom-large:20px;--awb-spacing-left-large:0px;--awb-width-medium:100%;--awb-order-medium:0;--awb-spacing-right-medium:0px;--awb-spacing-left-medium:0px;--awb-width-small:100%;--awb-order-small:0;--awb-spacing-right-small:0px;--awb-spacing-left-small:0px;\"><div class=\"fusion-column-wrapper fusion-column-has-shadow fusion-flex-justify-content-flex-start fusion-content-layout-column\"><\/div><\/div><\/div><\/div><\/div><\/div><\/div><\/p>\n","protected":false},"excerpt":{"rendered":"","protected":false},"author":1,"featured_media":0,"parent":0,"menu_order":0,"comment_status":"closed","ping_status":"closed","template":"100-width.php","meta":{"footnotes":""},"class_list":["post-1387","page","type-page","status-publish","hentry"],"_links":{"self":[{"href":"https:\/\/www.anfaa.it\/milano\/wp-json\/wp\/v2\/pages\/1387","targetHints":{"allow":["GET"]}}],"collection":[{"href":"https:\/\/www.anfaa.it\/milano\/wp-json\/wp\/v2\/pages"}],"about":[{"href":"https:\/\/www.anfaa.it\/milano\/wp-json\/wp\/v2\/types\/page"}],"author":[{"embeddable":true,"href":"https:\/\/www.anfaa.it\/milano\/wp-json\/wp\/v2\/users\/1"}],"replies":[{"embeddable":true,"href":"https:\/\/www.anfaa.it\/milano\/wp-json\/wp\/v2\/comments?post=1387"}],"version-history":[{"count":7,"href":"https:\/\/www.anfaa.it\/milano\/wp-json\/wp\/v2\/pages\/1387\/revisions"}],"predecessor-version":[{"id":3417,"href":"https:\/\/www.anfaa.it\/milano\/wp-json\/wp\/v2\/pages\/1387\/revisions\/3417"}],"wp:attachment":[{"href":"https:\/\/www.anfaa.it\/milano\/wp-json\/wp\/v2\/media?parent=1387"}],"curies":[{"name":"wp","href":"https:\/\/api.w.org\/{rel}","templated":true}]}}