{"id":1387,"date":"2023-10-03T09:16:40","date_gmt":"2023-10-03T09:16:40","guid":{"rendered":"https:\/\/www.anfaa.it\/?page_id=1387"},"modified":"2025-01-14T10:39:36","modified_gmt":"2025-01-14T09:39:36","slug":"media","status":"publish","type":"page","link":"https:\/\/www.anfaa.it\/novara\/media\/","title":{"rendered":"Media"},"content":{"rendered":"<p><div class=\"fusion-fullwidth fullwidth-box fusion-builder-row-1 fusion-flex-container has-pattern-background has-mask-background fusion-parallax-none nonhundred-percent-fullwidth non-hundred-percent-height-scrolling lazyload\" style=\"--awb-background-blend-mode:darken;--awb-border-sizes-top:0px;--awb-border-sizes-bottom:0px;--awb-border-sizes-left:0px;--awb-border-sizes-right:0px;--awb-border-radius-top-left:0px;--awb-border-radius-top-right:0px;--awb-border-radius-bottom-right:0px;--awb-border-radius-bottom-left:0px;--awb-padding-top:150px;--awb-padding-bottom:150px;--awb-background-size:cover;--awb-flex-wrap:wrap;\" data-bg=\"https:\/\/www.anfaa.it\/wp-content\/uploads\/2023\/10\/unisci-anfaa-1024x460.png\" ><div class=\"fusion-builder-row fusion-row fusion-flex-align-items-flex-start fusion-flex-content-wrap\" style=\"max-width:calc( 1170px + 0px );margin-left: calc(-0px \/ 2 );margin-right: calc(-0px \/ 2 );\"><div class=\"fusion-layout-column fusion_builder_column fusion-builder-column-0 fusion_builder_column_1_1 1_1 fusion-flex-column fusion-flex-align-self-center\" style=\"--awb-padding-right:11%;--awb-padding-left:11%;--awb-bg-blend:overlay;--awb-bg-size:cover;--awb-width-large:100%;--awb-margin-top-large:0px;--awb-spacing-right-large:0px;--awb-margin-bottom-large:20px;--awb-spacing-left-large:0px;--awb-width-medium:100%;--awb-spacing-right-medium:0px;--awb-spacing-left-medium:0px;--awb-width-small:100%;--awb-spacing-right-small:0px;--awb-spacing-left-small:0px;\"><div class=\"fusion-column-wrapper fusion-flex-justify-content-center fusion-content-layout-row\"><div class=\"fusion-title title fusion-title-1 fusion-sep-none fusion-title-center fusion-title-text fusion-title-size-one sfondo\" style=\"--awb-text-color:var(--awb-color1);--awb-margin-top:40px;--awb-margin-bottom:20px;\"><h1 class=\"fusion-title-heading title-heading-center\" style=\"margin:0;text-transform:uppercase;line-height:1;\">MEDIA<\/h1><\/div><\/div><\/div><\/div><\/div><div class=\"fusion-fullwidth fullwidth-box fusion-builder-row-2 fusion-flex-container has-pattern-background has-mask-background nonhundred-percent-fullwidth non-hundred-percent-height-scrolling\" style=\"--awb-background-position:left top;--awb-border-sizes-top:0px;--awb-border-sizes-bottom:0px;--awb-border-sizes-left:0px;--awb-border-sizes-right:0px;--awb-border-radius-top-left:0px;--awb-border-radius-top-right:0px;--awb-border-radius-bottom-right:0px;--awb-border-radius-bottom-left:0px;--awb-padding-top:70px;--awb-padding-right:5.5%;--awb-padding-bottom:70px;--awb-padding-left:5.5%;--awb-flex-wrap:wrap;\" ><div class=\"fusion-builder-row fusion-row fusion-flex-align-items-flex-start fusion-flex-content-wrap\" style=\"max-width:calc( 1170px + 0px );margin-left: calc(-0px \/ 2 );margin-right: calc(-0px \/ 2 );\"><div class=\"fusion-layout-column fusion_builder_column fusion-builder-column-1 fusion_builder_column_1_1 1_1 fusion-flex-column\" style=\"--awb-bg-blend:overlay;--awb-bg-size:cover;--awb-width-large:100%;--awb-margin-top-large:0px;--awb-spacing-right-large:0px;--awb-margin-bottom-large:20px;--awb-spacing-left-large:0px;--awb-width-medium:100%;--awb-spacing-right-medium:0px;--awb-spacing-left-medium:0px;--awb-width-small:100%;--awb-spacing-right-small:0px;--awb-spacing-left-small:0px;\"><div class=\"fusion-column-wrapper fusion-flex-justify-content-flex-start fusion-content-layout-column\"><div class=\"fusion-title title fusion-title-2 fusion-sep-none fusion-title-text fusion-title-size-two\" style=\"--awb-text-color:var(--awb-custom_color_2);--awb-margin-bottom:0PX;\"><h2 class=\"fusion-title-heading title-heading-left\" style=\"margin:0;text-transform:uppercase;\">Risorse multimediali<\/h2><\/div><div class=\"fusion-text fusion-text-1\" style=\"--awb-margin-top:0PX;\"><p><strong>MEDIA PER APPROFONDIMENTI<\/strong><\/p>\n<\/div><div class=\"fusion-text fusion-text-2\"><p><img decoding=\"async\" class=\"lazyload alignnone size-full alignleft\" src=\"data:image\/svg+xml,%3Csvg%20xmlns%3D%27http%3A%2F%2Fwww.w3.org%2F2000%2Fsvg%27%20width%3D%27226%27%20height%3D%27300%27%20viewBox%3D%270%200%20226%20300%27%3E%3Crect%20width%3D%27226%27%20height%3D%27300%27%20fill-opacity%3D%220%22%2F%3E%3C%2Fsvg%3E\" data-orig-src=\"https:\/\/www.anfaa.it\/novara\/wp-content\/uploads\/sites\/7\/2023\/11\/grillo1-226x300-1.jpg\" width=\"226\" height=\"300\" \/><\/p>\n<p>Questo \u00e8 il posto giusto per trovare tutte le pubblicazioni della nostra Sezione, come pure tutto ci\u00f2 che per noi costituisce una risorsa di comunicazione .<\/p>\n<p>Stare in dialogo con i propri figli \u00e8 un obiettivo importante per tutti i genitori e lo \u00e8 ancora di pi\u00f9 per coloro che si trovano ad affrontare la nascita adottiva o per coloro che stanno per accogliere od hanno accolto minori per periodi brevi o lunghi come nell\u2019affidamento familiare. Le nostre pubblicazioni vogliono essere un esempio di come possono essere trasmesse le emozioni di argomenti cos\u00ec delicati sia in famiglia che a scuola:<\/p>\n<ul>\n<li class=\"first\">sul tema adozione <a href=\"https:\/\/www.anfaa.it\/novara\/su-e-giu-dal-cielo\/\"><u>Su e gi\u00f9 dal cielo<\/u><\/a> ed altri, nel particolare segnaliamo il libro <a href=\"https:\/\/www.anfaa.it\/novara\/percorrendo-i-sentieri-della-vita\/\"><u>Percorrendo i sentieri della vita<\/u><\/a> una pubblicazione molto utile e avvincente sia per chi si avvicina all\u2019esperienza adottiva sia per chi \u00e8 gi\u00e0 genitore<\/li>\n<li>sul tema adozione internazionale <a href=\"https:\/\/www.anfaa.it\/novara\/mamma-ti-vuole-bene\/\"><u>Mama Nonga Fo<\/u><\/a> (Mamma ti vuole bene) ed altri<\/li>\n<li>\n<div>sul tema affidamento familiare <a href=\"https:\/\/www.anfaa.it\/novara\/un-girotondo-con-te\/\"><u>Un girotondo con te<\/u><\/a> ed altri<\/div>\n<\/li>\n<li>\n<div>sul tema adozione, affido e scuola il libro <a href=\"https:\/\/www.anfaa.it\/novara\/la-scuola-dellaccoglienza\/\"><u>La scuola dell\u2019accoglienza<\/u><\/a>, <a href=\"https:\/\/www.anfaa.it\/novara\/il-bosco-delle-betulle\/\"><u>Il Bosco delle Betulle<\/u><\/a> (CDROM con giochi: mappa giocabile, carte per giocare alla famiglia ecc.)<\/div>\n<\/li>\n<\/ul>\n<p>Troverete anche le indicazioni su dove e come reperirli, in ogni caso per informazioni <a href=\"mailto:novara@anfaa.it\"><u>novara@anfaa.it<\/u><\/a><\/p>\n<p><span style=\"color: var(--awb-text-color);font-family: var(--awb-text-font-family);font-size: var(--awb-font-size);font-style: var(--awb-text-font-style);font-weight: var(--awb-text-font-weight);letter-spacing: var(--awb-letter-spacing);text-align: var(--awb-content-alignment);text-transform: var(--awb-text-transform);background-color: var(--awb-bg-color)\">Per tante altre pubblicazioni \u2026 si pu\u00f2 dare un\u2019occhiata anche alla <\/span><a style=\"font-family: var(--awb-text-font-family);font-size: var(--awb-font-size);font-style: var(--awb-text-font-style);font-weight: var(--awb-text-font-weight);letter-spacing: var(--awb-letter-spacing);text-align: var(--awb-content-alignment);text-transform: var(--awb-text-transform);background-color: var(--awb-bg-color)\" title=\"Catalogo multimediale Anfaa\" href=\"https:\/\/www.anfaa.it\/libri\/\" target=\"_blank\" rel=\"noopener\"><u>sezione \u201cmedia\u201d del sito nazionale<\/u><\/a><\/p>\n<\/div><div class=\"fusion-text fusion-text-3\"><\/div><\/div><\/div><\/div><\/div><div class=\"fusion-fullwidth fullwidth-box fusion-builder-row-3 fusion-flex-container has-pattern-background has-mask-background nonhundred-percent-fullwidth non-hundred-percent-height-scrolling\" style=\"--awb-border-radius-top-left:0px;--awb-border-radius-top-right:0px;--awb-border-radius-bottom-right:0px;--awb-border-radius-bottom-left:0px;--awb-flex-wrap:wrap;\" ><div class=\"fusion-builder-row fusion-row fusion-flex-align-items-flex-start fusion-flex-content-wrap\" style=\"max-width:1216.8px;margin-left: calc(-4% \/ 2 );margin-right: calc(-4% \/ 2 );\"><div class=\"fusion-layout-column fusion_builder_column fusion-builder-column-2 fusion_builder_column_1_2 1_2 fusion-flex-column\" style=\"--awb-bg-size:cover;--awb-width-large:50%;--awb-margin-top-large:0px;--awb-spacing-right-large:3.84%;--awb-margin-bottom-large:20px;--awb-spacing-left-large:3.84%;--awb-width-medium:100%;--awb-order-medium:0;--awb-spacing-right-medium:1.92%;--awb-spacing-left-medium:1.92%;--awb-width-small:100%;--awb-order-small:0;--awb-spacing-right-small:1.92%;--awb-spacing-left-small:1.92%;\"><div class=\"fusion-column-wrapper fusion-column-has-shadow fusion-flex-justify-content-flex-start fusion-content-layout-column\"><div class=\"fusion-text fusion-text-4\"><p><b style=\"color: var(--awb-custom_color_2)\">LIBRI:<\/b><\/p>\n<ul>\n<li><a href=\"https:\/\/www.anfaa.it\/novara\/il-fiore-delle-emozioni\/\">I fiore delle emozioni<\/a><\/li>\n<li><a href=\"https:\/\/www.anfaa.it\/novara\/quando-una-famiglia-germoglia\/\"><u>Quando una famiglia \u2026 germoglia<\/u><\/a><\/li>\n<li><a href=\"https:\/\/www.anfaa.it\/novara\/come-cavalcare-londa\/\"><u>Come cavalcare l\u2019onda<\/u><\/a><\/li>\n<li><a href=\"https:\/\/www.anfaa.it\/novara\/tesi-sulla-ricerca-delle-origini-degli-adottati-in-nazionale\/\"><u>Tesi sulla ricerca delle origini degli adottati in nazionale<\/u><\/a><\/li>\n<li><a href=\"https:\/\/www.anfaa.it\/novara\/ricomincio-da-me\/\"><u>Libro: Ricomincio da me<\/u><\/a><\/li>\n<li><a href=\"https:\/\/www.anfaa.it\/novara\/bambini-e-coronavirus-2020\/\"><u>Bambini e coronavirus 2020<\/u><\/a><\/li>\n<li><a href=\"https:\/\/www.anfaa.it\/novara\/tesi-sul-supporto-psico-pedagogico-alle-famiglie-affidatarie\/\"><u>Tesi sul supporto Psico-Pedagogico alle famiglie affidatarie<\/u><\/a><\/li>\n<li><a href=\"https:\/\/www.anfaa.it\/novara\/un-albero-al-contrario\/\"><u>Libro \u2013 Un albero al contrario<\/u><\/a><\/li>\n<li><a href=\"https:\/\/www.anfaa.it\/novara\/impariamo-a-pensare-positivo\/\"><u>Libro \u2013 Impariamo a pensare positivo<\/u><\/a><\/li>\n<li><a href=\"https:\/\/www.anfaa.it\/novara\/percorrendo-i-sentieri-della-vita\/\"><u>Libro: Percorrendo i sentieri della vita<\/u><\/a><\/li>\n<li><a href=\"https:\/\/www.anfaa.it\/novara\/voglia-di-crescere\/\"><u>Libro \u2013 Voglia di crescere<\/u><\/a><\/li>\n<li><a href=\"https:\/\/www.anfaa.it\/novara\/il-treno-dei-bambini\/\"><u>Libro: Il treno dei bambini<\/u><\/a><\/li>\n<li><a href=\"https:\/\/www.anfaa.it\/novara\/attaccamento-e-adozione\/\"><u>Attaccamento e adozione<\/u><\/a><\/li>\n<li><a href=\"https:\/\/www.anfaa.it\/novara\/stelle-stelline-esuggestioni\/\"><u>Libro: Stelle, stelline e\u2026suggestioni<\/u><\/a><\/li>\n<li><a href=\"https:\/\/www.anfaa.it\/novara\/caleidoscopio\/\"><u>Libretto: Il Buco<\/u><\/a><\/li>\n<li><a href=\"https:\/\/www.anfaa.it\/novara\/piccolo-quaderno-dellaffido\/\"><u>Piccolo quaderno dell\u2019affido<\/u><\/a><\/li>\n<li><a href=\"https:\/\/www.anfaa.it\/novara\/quando-mi-prende-larrabbiatura\/\"><u>Quando mi prende \u2026 l\u2019arrabbiatura!<\/u><\/a><\/li>\n<li><a href=\"https:\/\/www.anfaa.it\/novara\/il-mondo-a-colori-dei-bambini\/\"><u>Il mondo a colori dei bambini<\/u><\/a><\/li>\n<li><a href=\"https:\/\/www.anfaa.it\/novara\/crescere-con-il-sorriso\/\"><u>Libro: Crescere \u2026 con il sorriso.<\/u><\/a><\/li>\n<li><a href=\"https:\/\/www.anfaa.it\/novara\/unaltra-scuola-e-possibile\/\"><u>Libro: Un\u2019altra scuola \u00e8 possibile?<\/u><\/a><\/li>\n<li><a href=\"https:\/\/www.anfaa.it\/novara\/il-pentolino-di-antonino\/\"><u>Il pentolino di Antonino<\/u><\/a><\/li>\n<li><a href=\"https:\/\/www.anfaa.it\/novara\/storie-di-figli-adottivi\/\"><u>Libro: Storie di figli adottivi<\/u><\/a><\/li>\n<li><a href=\"https:\/\/www.anfaa.it\/novara\/echino-giornale-bambino\/\"><u>Blog: Echino giornale bambino<\/u><\/a><\/li>\n<li><a href=\"https:\/\/www.anfaa.it\/novara\/un-girotondo-con-te\/\"><u>Libro: Un girotondo con te<\/u><\/a><\/li>\n<li><a href=\"https:\/\/www.anfaa.it\/novara\/il-bosco-delle-betulle\/\"><u>CDROM: Il bosco delle Betulle<\/u><\/a><\/li>\n<\/ul>\n<\/div><\/div><\/div><div class=\"fusion-layout-column fusion_builder_column fusion-builder-column-3 fusion_builder_column_1_2 1_2 fusion-flex-column\" style=\"--awb-bg-size:cover;--awb-width-large:50%;--awb-margin-top-large:0px;--awb-spacing-right-large:3.84%;--awb-margin-bottom-large:20px;--awb-spacing-left-large:3.84%;--awb-width-medium:100%;--awb-order-medium:0;--awb-spacing-right-medium:1.92%;--awb-spacing-left-medium:1.92%;--awb-width-small:100%;--awb-order-small:0;--awb-spacing-right-small:1.92%;--awb-spacing-left-small:1.92%;\"><div class=\"fusion-column-wrapper fusion-column-has-shadow fusion-flex-justify-content-flex-start fusion-content-layout-column\"><div class=\"fusion-text fusion-text-5\"><p><b style=\"color: var(--awb-custom_color_2)\">LIBRI:<\/b><\/p>\n<ul>\n<li><a href=\"https:\/\/www.anfaa.it\/novara\/vivere-ladozione-con-il-corpo-e-con-la-mente\/\"><u>Libro: Vivere l\u2019adozione con il Corpo e con la Mente<\/u><\/a><\/li>\n<li><a href=\"https:\/\/www.anfaa.it\/novara\/alla-scoperta-delle-emozioni\/\"><u>Libro: Alla scoperta delle emozioni<\/u><\/a><\/li>\n<li><a href=\"https:\/\/www.anfaa.it\/novara\/mamma-ti-vuole-bene\/\"><u>Libro: Mamma ti vuole bene<\/u><\/a><\/li>\n<li><a href=\"https:\/\/www.anfaa.it\/novara\/posso-stare-un-po-con-te\/\"><u>Libro e video: posso stare un po\u2019 con te?<\/u><\/a><\/li>\n<li><a href=\"https:\/\/www.anfaa.it\/novara\/le-parole-delladozione\/\"><u>Opuscolo: le parole dell\u2019adozione<\/u><\/a><\/li>\n<li><a href=\"https:\/\/www.anfaa.it\/novara\/laboratori-espressivi\/\"><u>Libro: Laboratori espressivi<\/u><\/a><\/li>\n<li><a href=\"https:\/\/www.anfaa.it\/novara\/famiglia-scuola-societa\/\"><u>Libro: Famiglia, scuola, societ\u00e0<\/u><\/a><\/li>\n<li><a href=\"https:\/\/www.anfaa.it\/novara\/la-scuola-dellaccoglienza\/\"><u>Libro: La scuola dell\u2019accoglienza.<\/u><\/a><\/li>\n<li><a href=\"https:\/\/www.anfaa.it\/novara\/accudire-ladozione-a-scuola\/\"><u>Libro: Accudire l\u2019adozione a scuola<\/u><\/a><\/li>\n<li><a href=\"https:\/\/www.anfaa.it\/novara\/adozione-e-bambini-senza-famiglia\/\"><u>Libro: Adozione e bambini senza famiglia<\/u><\/a><\/li>\n<li><a href=\"https:\/\/www.anfaa.it\/novara\/che-animale-sei\/\"><u>Libro: Che animale sei?<\/u><\/a><\/li>\n<li><a href=\"https:\/\/www.anfaa.it\/novara\/il-linguaggio-segreto-dei-fiori\/\"><u>Libro: Il linguaggio segreto dei fiori<\/u><\/a><\/li>\n<li><a href=\"https:\/\/www.anfaa.it\/novara\/bambini-nel-bosco\/\"><u>Libro: Bambini nel bosco<\/u><\/a><\/li>\n<li><a href=\"https:\/\/www.anfaa.it\/novara\/mentre-stai-dormendo\/\"><u>Libro: Mentre stai dormendo<\/u><\/a><\/li>\n<li><a href=\"https:\/\/www.anfaa.it\/novara\/la-nuova-tana-dei-topini\/\"><u>Percorso didattico: La nuova tana dei topini<\/u><\/a><\/li>\n<li><a href=\"https:\/\/www.anfaa.it\/novara\/un-regalo-dal-bosco\/\"><u>Libro: Un regalo dal bosco<\/u><\/a><\/li>\n<li><a href=\"https:\/\/www.anfaa.it\/novara\/bibo-nel-paese-degli-specchi\/\"><u>Libro: Bibo nel Paese degli Specchi<\/u><\/a><\/li>\n<li><a href=\"https:\/\/www.anfaa.it\/novara\/ascolto-e-penso-e-con-i-colori-parla-il-mio-cuore\/\"><u>Libro: Ascolto e penso e con i colori parla il mio cuore<\/u><\/a><\/li>\n<li><a href=\"https:\/\/www.anfaa.it\/novara\/2-ciclo-scuola-primaria-e-scuola-media\/\"><u>Percorso didattico: 2\u00b0 ciclo scuola primaria e scuola media<\/u><\/a><\/li>\n<li><a href=\"https:\/\/www.anfaa.it\/novara\/arcobaleno\/\"><u>Album: Arcobaleno<\/u><\/a><\/li>\n<li><a href=\"https:\/\/www.anfaa.it\/novara\/paola-e-il-mago\/\"><u>Fumetto: Paola e il Mago (italiano e inglese)<\/u><\/a><\/li>\n<li><a href=\"https:\/\/www.anfaa.it\/novara\/colora-le-tue-emozioni\/\"><u>Libro: Colora le tue emozioni<\/u><\/a><\/li>\n<li><a href=\"https:\/\/www.anfaa.it\/novara\/su-e-giu-dal-cielo\/\"><u>Libro: Su e gi\u00f9 dal cielo<\/u><\/a><\/li>\n<li><a href=\"https:\/\/www.anfaa.it\/novara\/il-mago-dei-bambini\/\"><u>Libro: Il mago dei bambini<\/u><\/a><\/li>\n<\/ul>\n<\/div><\/div><\/div><\/div><\/div><div class=\"fusion-fullwidth fullwidth-box fusion-builder-row-4 fusion-flex-container has-pattern-background has-mask-background fusion-parallax-none nonhundred-percent-fullwidth non-hundred-percent-height-scrolling lazyload\" style=\"--awb-border-sizes-top:0px;--awb-border-sizes-bottom:0px;--awb-border-sizes-left:0px;--awb-border-sizes-right:0px;--awb-border-radius-top-left:0px;--awb-border-radius-top-right:0px;--awb-border-radius-bottom-right:0px;--awb-border-radius-bottom-left:0px;--awb-padding-top:150px;--awb-padding-bottom:150px;--awb-background-size:cover;--awb-flex-wrap:wrap;\" data-bg=\"https:\/\/www.anfaa.it\/wp-content\/uploads\/2023\/10\/mani.jpg\" ><div class=\"fusion-builder-row fusion-row fusion-flex-align-items-flex-start fusion-flex-content-wrap\" style=\"max-width:calc( 1170px + 0px );margin-left: calc(-0px \/ 2 );margin-right: calc(-0px \/ 2 );\"><div class=\"fusion-layout-column fusion_builder_column fusion-builder-column-4 fusion_builder_column_1_1 1_1 fusion-flex-column\" style=\"--awb-padding-top:40px;--awb-padding-right:40px;--awb-padding-bottom:40px;--awb-padding-left:40px;--awb-bg-blend:overlay;--awb-bg-size:cover;--awb-width-large:100%;--awb-margin-top-large:0px;--awb-spacing-right-large:0px;--awb-margin-bottom-large:20px;--awb-spacing-left-large:0px;--awb-width-medium:100%;--awb-order-medium:0;--awb-spacing-right-medium:0px;--awb-spacing-left-medium:0px;--awb-width-small:100%;--awb-order-small:0;--awb-spacing-right-small:0px;--awb-spacing-left-small:0px;\"><div class=\"fusion-column-wrapper fusion-column-has-shadow fusion-flex-justify-content-flex-start fusion-content-layout-column\"><div class=\"fusion-title title fusion-title-3 fusion-sep-none fusion-title-center fusion-title-text fusion-title-size-two\" style=\"--awb-text-color:var(--awb-color1);\"><h2 class=\"fusion-title-heading title-heading-center\" style=\"margin:0;text-transform:uppercase;line-height:1;\">Cambia la tua vita oggi<\/h2><\/div><div class=\"fusion-separator\" style=\"align-self: center;margin-left: auto;margin-right: auto;margin-top:0px;margin-bottom:40px;width:100%;max-width:200px;\"><div class=\"fusion-separator-border sep-single sep-solid\" style=\"--awb-height:20px;--awb-amount:20px;--awb-sep-color:var(--awb-color4);border-color:var(--awb-color4);border-top-width:3px;\"><\/div><\/div><div class=\"fusion-text fusion-text-6\" style=\"--awb-content-alignment:center;--awb-font-size:var(--awb-typography2-font-size);--awb-line-height:var(--awb-typography2-line-height);--awb-letter-spacing:var(--awb-typography2-letter-spacing);--awb-text-transform:var(--awb-typography2-text-transform);--awb-text-color:var(--awb-color1);--awb-text-font-family:var(--awb-typography2-font-family);--awb-text-font-weight:var(--awb-typography2-font-weight);--awb-text-font-style:var(--awb-typography2-font-style);\"><p style=\"text-align: left\">Sostenere i nostri progetti significa<\/p>\n<ul>\n<li class=\"first\" style=\"text-align: left\">aiutare i bambini in difficolt\u00e0 a trovare il caldo abbraccio di una famiglia<\/li>\n<li class=\"last\" style=\"text-align: left\">migliorare il rapporto tra istituzioni e cittadini<\/li>\n<\/ul>\n<\/div><div class=\"fusion-separator fusion-full-width-sep\" style=\"align-self: center;margin-left: auto;margin-right: auto;margin-top:25px;width:100%;\"><\/div><div class=\"fusion-builder-row fusion-builder-row-inner fusion-row fusion-flex-align-items-flex-start fusion-flex-content-wrap\" style=\"width:calc( 100% + 0px ) !important;max-width:calc( 100% + 0px ) !important;margin-left: calc(-0px \/ 2 );margin-right: calc(-0px \/ 2 );\"><div class=\"fusion-layout-column fusion_builder_column_inner fusion-builder-nested-column-0 fusion_builder_column_inner_1_3 1_3 fusion-flex-column\" style=\"--awb-bg-size:cover;--awb-width-large:33.333333333333%;--awb-margin-top-large:0px;--awb-spacing-right-large:0px;--awb-margin-bottom-large:20px;--awb-spacing-left-large:0px;--awb-width-medium:100%;--awb-order-medium:0;--awb-spacing-right-medium:0px;--awb-spacing-left-medium:0px;--awb-width-small:100%;--awb-order-small:0;--awb-spacing-right-small:0px;--awb-spacing-left-small:0px;\"><div class=\"fusion-column-wrapper fusion-column-has-shadow fusion-flex-justify-content-flex-start fusion-content-layout-column\"><\/div><\/div><div class=\"fusion-layout-column fusion_builder_column_inner fusion-builder-nested-column-1 fusion_builder_column_inner_1_3 1_3 fusion-flex-column\" style=\"--awb-bg-size:cover;--awb-width-large:33.333333333333%;--awb-margin-top-large:0px;--awb-spacing-right-large:0px;--awb-margin-bottom-large:20px;--awb-spacing-left-large:0px;--awb-width-medium:100%;--awb-order-medium:0;--awb-spacing-right-medium:0px;--awb-spacing-left-medium:0px;--awb-width-small:100%;--awb-order-small:0;--awb-spacing-right-small:0px;--awb-spacing-left-small:0px;\"><div class=\"fusion-column-wrapper fusion-column-has-shadow fusion-flex-justify-content-flex-start fusion-content-layout-column\"><div style=\"text-align:center;\"><a class=\"fusion-button button-flat button-xlarge button-custom fusion-button-default button-1 fusion-button-default-span fusion-button-default-type\" style=\"--button_accent_color:var(--awb-color1);--button_accent_hover_color:var(--awb-custom_color_2);--button_border_hover_color:var(--awb-custom_color_2);--button_border_width-top:1px;--button_border_width-right:1px;--button_border_width-bottom:1px;--button_border_width-left:1px;--button_gradient_top_color:var(--awb-custom_color_4);--button_gradient_bottom_color:var(--awb-custom_color_4);--button_gradient_top_color_hover:var(--awb-custom_color_4);--button_gradient_bottom_color_hover:var(--awb-custom_color_4);\" target=\"_self\" href=\"https:\/\/www.anfaa.it\/novara\/diventa-socio\/\"><span class=\"fusion-button-text\">Diventa socio<\/span><\/a><\/div><\/div><\/div><div class=\"fusion-layout-column fusion_builder_column_inner fusion-builder-nested-column-2 fusion_builder_column_inner_1_3 1_3 fusion-flex-column\" style=\"--awb-bg-size:cover;--awb-width-large:33.333333333333%;--awb-margin-top-large:0px;--awb-spacing-right-large:0px;--awb-margin-bottom-large:20px;--awb-spacing-left-large:0px;--awb-width-medium:100%;--awb-order-medium:0;--awb-spacing-right-medium:0px;--awb-spacing-left-medium:0px;--awb-width-small:100%;--awb-order-small:0;--awb-spacing-right-small:0px;--awb-spacing-left-small:0px;\"><div class=\"fusion-column-wrapper fusion-column-has-shadow fusion-flex-justify-content-flex-start fusion-content-layout-column\"><\/div><\/div><\/div><\/div><\/div><\/div><\/div><\/p>\n","protected":false},"excerpt":{"rendered":"","protected":false},"author":1,"featured_media":0,"parent":0,"menu_order":0,"comment_status":"closed","ping_status":"closed","template":"100-width.php","meta":{"footnotes":""},"class_list":["post-1387","page","type-page","status-publish","hentry"],"_links":{"self":[{"href":"https:\/\/www.anfaa.it\/novara\/wp-json\/wp\/v2\/pages\/1387","targetHints":{"allow":["GET"]}}],"collection":[{"href":"https:\/\/www.anfaa.it\/novara\/wp-json\/wp\/v2\/pages"}],"about":[{"href":"https:\/\/www.anfaa.it\/novara\/wp-json\/wp\/v2\/types\/page"}],"author":[{"embeddable":true,"href":"https:\/\/www.anfaa.it\/novara\/wp-json\/wp\/v2\/users\/1"}],"replies":[{"embeddable":true,"href":"https:\/\/www.anfaa.it\/novara\/wp-json\/wp\/v2\/comments?post=1387"}],"version-history":[{"count":17,"href":"https:\/\/www.anfaa.it\/novara\/wp-json\/wp\/v2\/pages\/1387\/revisions"}],"predecessor-version":[{"id":3771,"href":"https:\/\/www.anfaa.it\/novara\/wp-json\/wp\/v2\/pages\/1387\/revisions\/3771"}],"wp:attachment":[{"href":"https:\/\/www.anfaa.it\/novara\/wp-json\/wp\/v2\/media?parent=1387"}],"curies":[{"name":"wp","href":"https:\/\/api.w.org\/{rel}","templated":true}]}}