{"id":3276,"date":"2023-12-14T09:58:45","date_gmt":"2023-12-14T08:58:45","guid":{"rendered":"https:\/\/www.anfaa.it\/novara\/?page_id=3276"},"modified":"2024-02-02T10:32:08","modified_gmt":"2024-02-02T09:32:08","slug":"il-linguaggio-segreto-dei-fiori","status":"publish","type":"page","link":"https:\/\/www.anfaa.it\/novara\/il-linguaggio-segreto-dei-fiori\/","title":{"rendered":"Il linguaggio segreto dei fiori"},"content":{"rendered":"<p><div class=\"fusion-fullwidth fullwidth-box fusion-builder-row-1 fusion-flex-container has-pattern-background has-mask-background fusion-parallax-none nonhundred-percent-fullwidth non-hundred-percent-height-scrolling lazyload\" style=\"--awb-background-blend-mode:darken;--awb-border-sizes-top:0px;--awb-border-sizes-bottom:0px;--awb-border-sizes-left:0px;--awb-border-sizes-right:0px;--awb-border-radius-top-left:0px;--awb-border-radius-top-right:0px;--awb-border-radius-bottom-right:0px;--awb-border-radius-bottom-left:0px;--awb-padding-top:150px;--awb-padding-bottom:150px;--awb-background-size:cover;--awb-flex-wrap:wrap;\" data-bg=\"https:\/\/www.anfaa.it\/wp-content\/uploads\/2023\/10\/unisci-anfaa-1024x460.png\" ><div class=\"fusion-builder-row fusion-row fusion-flex-align-items-flex-start fusion-flex-content-wrap\" style=\"max-width:calc( 1170px + 0px );margin-left: calc(-0px \/ 2 );margin-right: calc(-0px \/ 2 );\"><div class=\"fusion-layout-column fusion_builder_column fusion-builder-column-0 fusion_builder_column_1_1 1_1 fusion-flex-column fusion-flex-align-self-center\" style=\"--awb-padding-right:0%;--awb-padding-left:0%;--awb-padding-right-small:0px;--awb-padding-left-small:0px;--awb-bg-blend:overlay;--awb-bg-size:cover;--awb-width-large:100%;--awb-margin-top-large:0px;--awb-spacing-right-large:0px;--awb-margin-bottom-large:20px;--awb-spacing-left-large:0px;--awb-width-medium:100%;--awb-spacing-right-medium:0px;--awb-spacing-left-medium:0px;--awb-width-small:100%;--awb-spacing-right-small:0px;--awb-spacing-left-small:0px;\"><div class=\"fusion-column-wrapper fusion-flex-justify-content-center fusion-content-layout-row\"><div class=\"fusion-title title fusion-title-1 fusion-sep-none fusion-title-center fusion-title-text fusion-title-size-one sfondo\" style=\"--awb-text-color:var(--awb-color1);--awb-margin-top:40px;--awb-margin-bottom:20px;\"><h1 class=\"fusion-title-heading title-heading-center\" style=\"margin:0;text-transform:uppercase;line-height:1;\">Il linguaggio segreto dei fiori<\/h1><\/div><\/div><\/div><\/div><\/div><div class=\"fusion-fullwidth fullwidth-box fusion-builder-row-2 fusion-flex-container has-pattern-background has-mask-background nonhundred-percent-fullwidth non-hundred-percent-height-scrolling\" style=\"--awb-background-position:left top;--awb-border-sizes-top:0px;--awb-border-sizes-bottom:0px;--awb-border-sizes-left:0px;--awb-border-sizes-right:0px;--awb-border-radius-top-left:0px;--awb-border-radius-top-right:0px;--awb-border-radius-bottom-right:0px;--awb-border-radius-bottom-left:0px;--awb-padding-top:70px;--awb-padding-right:5.5%;--awb-padding-bottom:70px;--awb-padding-left:5.5%;--awb-flex-wrap:wrap;\" ><div class=\"fusion-builder-row fusion-row fusion-flex-align-items-flex-start fusion-flex-content-wrap\" style=\"max-width:calc( 1170px + 0px );margin-left: calc(-0px \/ 2 );margin-right: calc(-0px \/ 2 );\"><div class=\"fusion-layout-column fusion_builder_column fusion-builder-column-1 fusion_builder_column_1_3 1_3 fusion-flex-column\" style=\"--awb-bg-blend:overlay;--awb-bg-size:cover;--awb-width-large:33.333333333333%;--awb-margin-top-large:0px;--awb-spacing-right-large:0px;--awb-margin-bottom-large:20px;--awb-spacing-left-large:calc( 0.04 * calc( 100% - 0px ) );--awb-width-medium:100%;--awb-spacing-right-medium:0px;--awb-spacing-left-medium:0px;--awb-width-small:100%;--awb-spacing-right-small:0px;--awb-spacing-left-small:0px;\"><div class=\"fusion-column-wrapper fusion-flex-justify-content-flex-start fusion-content-layout-column\"><div class=\"fusion-image-element \" style=\"text-align:center;--awb-caption-title-font-family:var(--h2_typography-font-family);--awb-caption-title-font-weight:var(--h2_typography-font-weight);--awb-caption-title-font-style:var(--h2_typography-font-style);--awb-caption-title-size:var(--h2_typography-font-size);--awb-caption-title-transform:var(--h2_typography-text-transform);--awb-caption-title-line-height:var(--h2_typography-line-height);--awb-caption-title-letter-spacing:var(--h2_typography-letter-spacing);\"><span class=\" fusion-imageframe imageframe-none imageframe-1 hover-type-none\"><img decoding=\"async\" width=\"158\" height=\"240\" title=\"9788811686613\" src=\"data:image\/svg+xml,%3Csvg%20xmlns%3D%27http%3A%2F%2Fwww.w3.org%2F2000%2Fsvg%27%20width%3D%27158%27%20height%3D%27240%27%20viewBox%3D%270%200%20158%20240%27%3E%3Crect%20width%3D%27158%27%20height%3D%27240%27%20fill-opacity%3D%220%22%2F%3E%3C%2Fsvg%3E\" data-orig-src=\"https:\/\/www.anfaa.it\/novara\/wp-content\/uploads\/sites\/7\/2023\/12\/9788811686613.jpg\" alt class=\"lazyload img-responsive wp-image-3279\"\/><\/span><\/div><\/div><\/div><div class=\"fusion-layout-column fusion_builder_column fusion-builder-column-2 fusion_builder_column_2_3 2_3 fusion-flex-column\" style=\"--awb-bg-blend:overlay;--awb-bg-size:cover;--awb-width-large:66.666666666667%;--awb-margin-top-large:0px;--awb-spacing-right-large:calc( 0.04 * calc( 100% - 0px ) );--awb-margin-bottom-large:20px;--awb-spacing-left-large:calc( 0.04 * calc( 100% - 0px ) );--awb-width-medium:100%;--awb-spacing-right-medium:0px;--awb-spacing-left-medium:0px;--awb-width-small:100%;--awb-spacing-right-small:0px;--awb-spacing-left-small:0px;\"><div class=\"fusion-column-wrapper fusion-flex-justify-content-flex-start fusion-content-layout-column\"><div class=\"fusion-title title fusion-title-2 fusion-sep-none fusion-title-text fusion-title-size-three\" style=\"--awb-text-color:#2f9a4f;--awb-margin-bottom:0PX;\"><h3 class=\"fusion-title-heading title-heading-left\" style=\"margin:0;text-transform:uppercase;\"><h3><span style=\"color: #00844a; text-transform: uppercase;\">LIBRO: Il linguaggio segreto dei fiori<\/span><\/h3><\/h3><\/div><div class=\"fusion-text fusion-text-1\"><table border=\"0\" width=\"100%\" cellspacing=\"0\" cellpadding=\"0\">\n<tbody>\n<tr class=\"media-list\">\n<td valign=\"top\" width=\"130\"><span style=\"color: #00844a;\"><b>Autore:<\/b><\/span><\/td>\n<td valign=\"top\">Vanessa Diffenbaugh<\/td>\n<\/tr>\n<tr class=\"media-list\">\n<td valign=\"top\" width=\"130\"><span style=\"color: #00844a;\"><b>Editore:<\/b><\/span><\/td>\n<td valign=\"top\">Garzanti<\/td>\n<\/tr>\n<tr class=\"media-list\">\n<td valign=\"top\" width=\"130\"><span style=\"color: #00844a;\"><b>Anno:<\/b><\/span><\/td>\n<td valign=\"top\">2011<\/td>\n<\/tr>\n<tr class=\"media-list\">\n<td valign=\"top\" width=\"130\"><span style=\"color: #00844a;\"><b>Tratta di:<\/b><\/span><\/td>\n<td valign=\"top\">Racconta una vicenda di sofferenza ma anche di forza e amore per la vita. Victoria \u00e8 una ragazza di diciotto anni con un passato alle spalle di certo non facile: abbandonata nella culla dai genitori, ha passato l\u2019infanzia tra famiglie adottive, genitori provvisori e spesso non ideali. Un giorno per\u00f2 la ragazza incontra Elizabeth, una donna speciale che le cambia e sconvolge la vita in modo anche drammatico.<\/td>\n<\/tr>\n<tr class=\"media-list\">\n<td valign=\"top\" width=\"130\"><span style=\"color: #00844a;\"><b>Commento di Anfaa:<\/b><\/span><\/td>\n<td valign=\"top\">I fiori, nel romanzo della Diffenbaugh, che \u00e8 anche una mamma adottiva e affidataria, curano prima di tutto le ferite dell\u2019anima e lasciano delle pillole di felicit\u00e0. Victoria per\u00f2 ha paura di amare, di lasciarsi trasportare dalle emozioni e dalle parole. Per lei farsi toccare dagli altri \u00e8 impossibile, l\u2019unico tocco che sopporta \u00e8 quello dei petali dei fiori. E\u2019 infatti nella quiete del parco pubblico di San Francisco che la protagonista trova rifugio. L\u00ec, attorniata dai fiori, i suoi pensieri possono esprimersi e la sua mente pu\u00f2 volare libera. Grant, un ragazzo che pare sappia misteriosamente tutto del suo passato, sembra per\u00f2 l\u2019unico in grado di scuotere Victoria e di regalarle dei momenti di serenit\u00e0. La ragazza infatti si porta dentro una ferita che \u00e8 una colpa che non riesce a cancellare dal suo cuore. Per fortuna esistono i fiori. Ce n\u2019\u00e8 uno per ogni male dell\u2019anima.<\/td>\n<\/tr>\n<tr class=\"media-list\">\n<td valign=\"top\" width=\"130\"><span style=\"color: #00844a;\"><b>Consigliato a:<\/b><\/span><\/td>\n<td valign=\"top\">genitori adottivi e affidatari, educatori<\/td>\n<\/tr>\n<tr class=\"media-list\">\n<td valign=\"top\" width=\"130\"><span style=\"color: #00844a;\"><b>Disponibile presso:<\/b><\/span><\/td>\n<td valign=\"top\">Da richiedere all\u2019editore: esiste l\u2019edizione in e-book e in audiolibri<\/td>\n<\/tr>\n<\/tbody>\n<\/table>\n<\/div><\/div><\/div><\/div><\/div><div class=\"fusion-fullwidth fullwidth-box fusion-builder-row-3 fusion-flex-container has-pattern-background has-mask-background fusion-parallax-none nonhundred-percent-fullwidth non-hundred-percent-height-scrolling lazyload\" style=\"--awb-border-sizes-top:0px;--awb-border-sizes-bottom:0px;--awb-border-sizes-left:0px;--awb-border-sizes-right:0px;--awb-border-radius-top-left:0px;--awb-border-radius-top-right:0px;--awb-border-radius-bottom-right:0px;--awb-border-radius-bottom-left:0px;--awb-padding-top:150px;--awb-padding-bottom:150px;--awb-background-size:cover;--awb-flex-wrap:wrap;\" data-bg=\"https:\/\/www.anfaa.it\/wp-content\/uploads\/2023\/10\/mani.jpg\" ><div class=\"fusion-builder-row fusion-row fusion-flex-align-items-flex-start fusion-flex-content-wrap\" style=\"max-width:calc( 1170px + 0px );margin-left: calc(-0px \/ 2 );margin-right: calc(-0px \/ 2 );\"><div class=\"fusion-layout-column fusion_builder_column fusion-builder-column-3 fusion_builder_column_1_1 1_1 fusion-flex-column\" style=\"--awb-padding-top:40px;--awb-padding-right:40px;--awb-padding-bottom:40px;--awb-padding-left:40px;--awb-bg-blend:overlay;--awb-bg-size:cover;--awb-width-large:100%;--awb-margin-top-large:0px;--awb-spacing-right-large:0px;--awb-margin-bottom-large:20px;--awb-spacing-left-large:0px;--awb-width-medium:100%;--awb-order-medium:0;--awb-spacing-right-medium:0px;--awb-spacing-left-medium:0px;--awb-width-small:100%;--awb-order-small:0;--awb-spacing-right-small:0px;--awb-spacing-left-small:0px;\"><div class=\"fusion-column-wrapper fusion-column-has-shadow fusion-flex-justify-content-flex-start fusion-content-layout-column\"><div class=\"fusion-title title fusion-title-3 fusion-sep-none fusion-title-center fusion-title-text fusion-title-size-two\" style=\"--awb-text-color:var(--awb-color1);\"><h2 class=\"fusion-title-heading title-heading-center\" style=\"margin:0;text-transform:uppercase;line-height:1;\">Cambia la tua vita oggi<\/h2><\/div><div class=\"fusion-separator\" style=\"align-self: center;margin-left: auto;margin-right: auto;margin-top:0px;margin-bottom:40px;width:100%;max-width:200px;\"><div class=\"fusion-separator-border sep-single sep-solid\" style=\"--awb-height:20px;--awb-amount:20px;--awb-sep-color:var(--awb-color4);border-color:var(--awb-color4);border-top-width:3px;\"><\/div><\/div><div class=\"fusion-text fusion-text-2\" style=\"--awb-content-alignment:center;--awb-font-size:var(--awb-typography2-font-size);--awb-line-height:var(--awb-typography2-line-height);--awb-letter-spacing:var(--awb-typography2-letter-spacing);--awb-text-transform:var(--awb-typography2-text-transform);--awb-text-color:var(--awb-color1);--awb-text-font-family:var(--awb-typography2-font-family);--awb-text-font-weight:var(--awb-typography2-font-weight);--awb-text-font-style:var(--awb-typography2-font-style);\"><p style=\"text-align: left;\">Sostenere i nostri progetti significa<\/p>\n<ul>\n<li class=\"first\" style=\"text-align: left;\">aiutare i bambini in difficolt\u00e0 a trovare il caldo abbraccio di una famiglia<\/li>\n<li class=\"last\" style=\"text-align: left;\">migliorare il rapporto tra istituzioni e cittadini<\/li>\n<\/ul>\n<\/div><div class=\"fusion-separator fusion-full-width-sep\" style=\"align-self: center;margin-left: auto;margin-right: auto;margin-top:25px;width:100%;\"><\/div><div class=\"fusion-builder-row fusion-builder-row-inner fusion-row fusion-flex-align-items-flex-start fusion-flex-content-wrap\" style=\"width:calc( 100% + 0px ) !important;max-width:calc( 100% + 0px ) !important;margin-left: calc(-0px \/ 2 );margin-right: calc(-0px \/ 2 );\"><div class=\"fusion-layout-column fusion_builder_column_inner fusion-builder-nested-column-0 fusion_builder_column_inner_1_3 1_3 fusion-flex-column\" style=\"--awb-bg-size:cover;--awb-width-large:33.333333333333%;--awb-margin-top-large:0px;--awb-spacing-right-large:0px;--awb-margin-bottom-large:20px;--awb-spacing-left-large:0px;--awb-width-medium:100%;--awb-order-medium:0;--awb-spacing-right-medium:0px;--awb-spacing-left-medium:0px;--awb-width-small:100%;--awb-order-small:0;--awb-spacing-right-small:0px;--awb-spacing-left-small:0px;\"><div class=\"fusion-column-wrapper fusion-column-has-shadow fusion-flex-justify-content-flex-start fusion-content-layout-column\"><\/div><\/div><div class=\"fusion-layout-column fusion_builder_column_inner fusion-builder-nested-column-1 fusion_builder_column_inner_1_3 1_3 fusion-flex-column\" style=\"--awb-bg-size:cover;--awb-width-large:33.333333333333%;--awb-margin-top-large:0px;--awb-spacing-right-large:0px;--awb-margin-bottom-large:20px;--awb-spacing-left-large:0px;--awb-width-medium:100%;--awb-order-medium:0;--awb-spacing-right-medium:0px;--awb-spacing-left-medium:0px;--awb-width-small:100%;--awb-order-small:0;--awb-spacing-right-small:0px;--awb-spacing-left-small:0px;\"><div class=\"fusion-column-wrapper fusion-column-has-shadow fusion-flex-justify-content-flex-start fusion-content-layout-column\"><div style=\"text-align:center;\"><a class=\"fusion-button button-flat button-xlarge button-custom fusion-button-default button-1 fusion-button-default-span fusion-button-default-type\" style=\"--button_accent_color:var(--awb-color1);--button_accent_hover_color:var(--awb-custom_color_2);--button_border_hover_color:var(--awb-custom_color_2);--button_border_width-top:1px;--button_border_width-right:1px;--button_border_width-bottom:1px;--button_border_width-left:1px;--button_gradient_top_color:var(--awb-custom_color_4);--button_gradient_bottom_color:var(--awb-custom_color_4);--button_gradient_top_color_hover:var(--awb-custom_color_4);--button_gradient_bottom_color_hover:var(--awb-custom_color_4);\" target=\"_self\" href=\"https:\/\/www.anfaa.it\/novara\/diventa-socio\/\"><span class=\"fusion-button-text\">Diventa socio<\/span><\/a><\/div><\/div><\/div><div class=\"fusion-layout-column fusion_builder_column_inner fusion-builder-nested-column-2 fusion_builder_column_inner_1_3 1_3 fusion-flex-column\" style=\"--awb-bg-size:cover;--awb-width-large:33.333333333333%;--awb-margin-top-large:0px;--awb-spacing-right-large:0px;--awb-margin-bottom-large:20px;--awb-spacing-left-large:0px;--awb-width-medium:100%;--awb-order-medium:0;--awb-spacing-right-medium:0px;--awb-spacing-left-medium:0px;--awb-width-small:100%;--awb-order-small:0;--awb-spacing-right-small:0px;--awb-spacing-left-small:0px;\"><div class=\"fusion-column-wrapper fusion-column-has-shadow fusion-flex-justify-content-flex-start fusion-content-layout-column\"><\/div><\/div><\/div><\/div><\/div><\/div><\/div><\/p>\n","protected":false},"excerpt":{"rendered":"","protected":false},"author":1,"featured_media":0,"parent":0,"menu_order":0,"comment_status":"closed","ping_status":"closed","template":"100-width.php","meta":{"footnotes":""},"class_list":["post-3276","page","type-page","status-publish","hentry"],"_links":{"self":[{"href":"https:\/\/www.anfaa.it\/novara\/wp-json\/wp\/v2\/pages\/3276","targetHints":{"allow":["GET"]}}],"collection":[{"href":"https:\/\/www.anfaa.it\/novara\/wp-json\/wp\/v2\/pages"}],"about":[{"href":"https:\/\/www.anfaa.it\/novara\/wp-json\/wp\/v2\/types\/page"}],"author":[{"embeddable":true,"href":"https:\/\/www.anfaa.it\/novara\/wp-json\/wp\/v2\/users\/1"}],"replies":[{"embeddable":true,"href":"https:\/\/www.anfaa.it\/novara\/wp-json\/wp\/v2\/comments?post=3276"}],"version-history":[{"count":4,"href":"https:\/\/www.anfaa.it\/novara\/wp-json\/wp\/v2\/pages\/3276\/revisions"}],"predecessor-version":[{"id":3451,"href":"https:\/\/www.anfaa.it\/novara\/wp-json\/wp\/v2\/pages\/3276\/revisions\/3451"}],"wp:attachment":[{"href":"https:\/\/www.anfaa.it\/novara\/wp-json\/wp\/v2\/media?parent=3276"}],"curies":[{"name":"wp","href":"https:\/\/api.w.org\/{rel}","templated":true}]}}